{"id":477,"date":"2017-05-31T20:44:29","date_gmt":"2017-05-31T20:44:29","guid":{"rendered":"http:\/\/www.hoteleljisu.com\/?page_id=477"},"modified":"2026-04-27T10:31:53","modified_gmt":"2026-04-27T10:31:53","slug":"tarifas-2","status":"publish","type":"page","link":"https:\/\/www.hoteleljisu.com\/index.php\/tarifas-2\/","title":{"rendered":"Condiciones Hotel El Jisu"},"content":{"rendered":"<p><span style=\"font-size: 24pt;\"><strong>CONDICIONES GENERALES EL JISU<\/strong><\/span><\/p>\n<h5><span style=\"font-size: 18pt;\">CHECK IN<\/span><\/h5>\n<h5><span style=\"font-size: 18pt;\">El check-in se realizar\u00e1 a partir de las 15:00 horas del d\u00eda de su llegada hasta las 00:00 horas, aunque siempre puede consultarnos cualquier circunstancia especial que no le permita cumplir esta indicaci\u00f3n.<\/span><\/h5>\n<h5><span style=\"font-size: 18pt;\">El cliente deber\u00e1 presentar en recepci\u00f3n el documentaci\u00f3n de identidad o carnet de conducir de todos los hu\u00e9spedes que desean alojarse en el hotel y depositar en la misma cualquier bono o documento que acredite su reserva. Junto a la documentaci\u00f3n de identidad tambi\u00e9n solicitamos para registrarse en el hotel un n\u00famero de tarjeta de cr\u00e9dito v\u00e1lido. El hotel comprobar\u00e1 la validez de la tarjeta como garant\u00eda.<\/span><\/h5>\n<h5><span style=\"font-size: 18pt;\">En caso de ausencia de tarjeta de cr\u00e9dito o d\u00e9bito, el hotel est\u00e1 en su derecho de solicitar una garant\u00eda en met\u00e1lico.<\/span><\/h5>\n<h5><span style=\"font-size: 18pt;\">Tanto con la firma del contrato de entrada como con la aceptaci\u00f3n de la llave y el acceso a la\/as habitaci\u00f3n\/es, el cliente\/es acepta los t\u00e9rminos y condiciones del hotel, que se consideran autom\u00e1ticamente incorporados en el mismo contrato. <\/span><\/h5>\n<h5><\/h5>\n<h5><span style=\"font-size: 18pt;\">En el registro de entrada recalcamos de nuevo, que se solicitar\u00e1 una tarjeta de d\u00e9bito\/cr\u00e9dito v\u00e1lida, para la gesti\u00f3n de extras. Que el cliente si desea podr\u00e1 abonarlo a la salida en efectivo u otra tarjeta.<\/span><\/h5>\n<h5><span style=\"font-size: 18pt;\">CHECK OUT<\/span><\/h5>\n<h5><span style=\"font-size: 18pt;\">El check out se debe de realizar antes de las 12:00 horas del d\u00eda de su salida.<\/span><\/h5>\n<h5><span style=\"font-size: 18pt;\">Existe la posibilidad de tramitar un late check out, con un coste adicional, siempre y cuando el hotel tenga disponibilidad y se acuerde previamente.<\/span><\/h5>\n<h5><span style=\"font-size: 18pt;\">Si el Cliente se demora al abandonar la habitaci\u00f3n y sobrepasa el l\u00edmite horario, el hotel cobrar\u00e1 el 100% de una noche como sanci\u00f3n.<\/span><\/h5>\n<h5><span style=\"font-size: 18pt;\">En caso de que el cliente se vaya sin pagar los extras o los desperfectos que se hayan podido ocasionar en las instalaciones, se le enviar\u00e1 por correo electr\u00f3nico u ordinario la factura\u00a0 y el comprobante de pago cargado a su tarjeta de cr\u00e9dito.<\/span><\/h5>\n<h5><span style=\"font-size: 18pt;\">CUNAS<\/span><\/h5>\n<h5><span style=\"font-size: 18pt;\">Los bebes de 0 a 2 a\u00f1os podr\u00e1n alojarse en las habitaciones del Hotel en cuna o en las camas existentes sin coste alguno.<\/span><\/h5>\n<h5><span style=\"font-size: 18pt;\">Consulte la disponibilidad de la Cuna del Hotel en el momento de la reserva.<\/span><\/h5>\n<h5><span style=\"font-size: 18pt;\">PERSONAS NO REGISTRADAS EN LA RESERVA<\/span><\/h5>\n<h5><span style=\"font-size: 18pt;\">Cualquier persona de m\u00e1s, que no est\u00e9 registrada o pagada en la reserva, deber\u00e1 de pagar el suplemento correspondiente a su llegada al hotel, independientemente de si ocupa la misma cama de su acompa\u00f1ante. Es decir, tanto ni\u00f1os mayores de 24 meses cumplidos como adultos\u00a0 deben de pagar el Suplemento de Persona Extra, independientemente de si duermen en la cama de sus familiares o amigos.<\/span><\/h5>\n<h5><span style=\"font-size: 18pt;\">Por normativas del hotel no se permite m\u00e1s personas adicionales \u00a0de las que la habitaci\u00f3n permite.<\/span><\/h5>\n<h5><span style=\"font-size: 18pt;\">Para evitar cualquier problema en el momento de la llegada, por falta de disponibilidad de nueva distribuci\u00f3n, les recomendamos contratar la habitaci\u00f3n correspondiente por el total de personas que son.<\/span><\/h5>\n<h5><span style=\"font-size: 18pt;\">RESERVAR<\/span><\/h5>\n<h5><span style=\"font-size: 18pt;\">Las condiciones de reserva online est\u00e1n especificadas en la gesti\u00f3n de reservas.<\/span><\/h5>\n<h5><span style=\"font-size: 18pt;\">En el momento en que se realizar una reserva, el Cliente deber\u00e1 proporcionar un n\u00famero de tarjeta de cr\u00e9dito real con su fecha de caducidad y c\u00f3digo de seguridad para confirmar su reserva. La tarjeta de cr\u00e9dito debe ser propiedad del titular de la reserva. Tambi\u00e9n se permiten tarjetas de d\u00e9bito con saldo.<\/span><\/h5>\n<h5><span style=\"font-size: 18pt;\">En caso de que el Hotel detecte una tarjeta de cr\u00e9dito\/debito falsa, se le comunicara al cliente para que este pueda subsanar el error reserv\u00e1ndose el derecho de cancelar dicha reserva sin ning\u00fan tipo de compensaci\u00f3n hacia el Cliente.<\/span><\/h5>\n<h5><span style=\"font-size: 18pt;\">CLAUSULAS DE CANCELACI\u00d3N Y TIPO DE RESERVAS<\/span><\/h5>\n<h5><span style=\"font-size: 18pt;\">Desde el hotel ofrecemos dos tipos de reservas con diferente clausula de cancelaci\u00f3n. En el momento de la reserva, podr\u00e1 ver en todo momento la cl\u00e1usula.<\/span><\/h5>\n<h5><span style=\"font-size: 18pt;\">Nuestra Tarifa Cancelaci\u00f3n Gratuita permite cancelar al cliente gratuitamente hasta 10 d\u00edas antes de la llegada. <\/span><\/h5>\n<h5><span style=\"font-size: 18pt;\">Si el Cliente cancela con menos de 10 d\u00edas de antelaci\u00f3n, se realizar\u00e1 un cargo en su tarjeta de cr\u00e9dito d<\/span><span style=\"font-size: 18pt;\">el 100% de su reserva.<\/span><\/h5>\n<h5><span style=\"font-size: 18pt;\">Con nuestra Tarifa No Reembolsable, el\u00a0 Hotel realizar\u00e1 un cobro del \u00a0100% de la reserva. Este pago no es reembolsable en caso de cancelaci\u00f3n. <\/span><\/h5>\n<h5><span style=\"font-size: 18pt;\">No obstante, si el cliente quiere cancelar o modificar su reserva, \u00a0puede ponerse en contacto con el Hotel y este le informar\u00e1 de las opciones que tiene.<\/span><\/h5>\n<h5><em><span style=\"font-size: 18pt; font-family: Marcellus;\">En situaciones especiales, la direcci\u00f3n del Jisu podr\u00e1 aplicar pol\u00edticas especiales de cancelaci\u00f3n.<\/span><\/em><\/h5>\n<h5><span style=\"font-size: 18pt;\">CANCELACIONES una vez ya ha tramitado el check in<\/span><\/h5>\n<h5><span style=\"font-size: 18pt;\">En hotel tiene derecho de rescindir el contrato de alojamiento por incumplimiento de las normas, sin devoluci\u00f3n del dinero.<\/span><\/h5>\n<h5><span style=\"font-size: 18pt;\">Durante el plazo de alojamiento,\u00a0 el Cliente puede cancelar su estancia e irse antes de lo previsto teniendo en cuenta que existen unas clausulas de cancelaci\u00f3n. En caso de que la reserva se haya tramitado con una agencia de viajes, deber\u00e1 de ponerse en contacto con ellos y consultar noches de penalizaci\u00f3n. Cada agencia de viajes tiene una normativa distinta.<\/span><\/h5>\n<h5><span style=\"font-size: 18pt;\">En caso de que la reserva sea directa con nosotros, el hotel cobrara el 100% una noche de penalizaci\u00f3n m\u00e1s las noches dormidas.\u00a0 Las reservas no reembolsables, cheques o bonos, no disponen de opci\u00f3n de devoluci\u00f3n, su penalizaci\u00f3n es del 100%.<\/span><\/h5>\n<h5><span style=\"font-size: 18pt;\">NORMATIVAS GENERALES DE CONVIVENCIA<\/span><\/h5>\n<h5><span style=\"font-size: 18pt;\">Las normativas generales del hotel est\u00e1n a la disposici\u00f3n de todos los clientes en la recepci\u00f3n del hotel y en la misma habitaci\u00f3n. Siendo de obligaci\u00f3n para todos los hu\u00e9spedes el cumplimiento de estas. Exponi\u00e9ndose a la posibilidad de expulsi\u00f3n inmediata de nuestro hotel en caso de incumplimiento.<\/span><\/h5>\n<h5><span style=\"font-size: 18pt;\">DERECHO DE ADMISI\u00d3N<\/span><\/h5>\n<h5><span style=\"font-size: 18pt;\">El hotel se reserva el derecho de admisi\u00f3n, independientemente que se trate de un cliente con reserva tramitada por agencia de viaje o \u00a0directamente con el hotel.<\/span><\/h5>\n<h5><span style=\"font-size: 18pt;\">EXPULSI\u00d3N DE UN HU\u00c9SPED DESPU\u00c9S DE HABER TRAMITADO EL CHECK IN<\/span><\/h5>\n<h5><span style=\"font-size: 18pt;\">El hotel se reserva el derecho de juzgar cuales son los niveles aceptables de ruido o comportamiento de sus clientes, hu\u00e9spedes, representantes\u2026<\/span><\/h5>\n<h5><span style=\"font-size: 18pt;\">El hotel dar\u00e1 aviso previamente al cliente de su mal comportamiento, en caso de que el cliente no cumpla las peticiones o cualquier otra normativa del hotel, el hotel se reserva el derecho de concluir cualquier reserva o terminar cualquier acontecimiento inmediatamente, sin estar obligado, de abonar por ning\u00fan concepto el reembolso de la reserva o tramitar cualquier compensaci\u00f3n.<\/span><\/h5>\n<h5><span style=\"font-size: 18pt;\">OBJETOS PERSONALES<\/span><\/h5>\n<h5><span style=\"font-size: 18pt;\">Todos los hu\u00e9spedes del hotel son responsables de sus objetos personales, tanto en zonas comunes, como en las habitaciones.<\/span><\/h5>\n<h5><span style=\"font-size: 18pt;\">OBJETOS PERDIDOS \u201cOLVIDADOS EN LA HABITACI\u00d3N\u201d<\/span><\/h5>\n<h5><span style=\"font-size: 18pt;\">Siempre y cuando el personal del hotel encuentre objetos en la habitaci\u00f3n una vez el hu\u00e9sped ha realizado su salida, procederemos a empaquetar dicho objeto con el nombre del titular de la reserva y n\u00famero de habitaci\u00f3n. No todas las reservas vienen identificados con los datos personales del cliente (email o tel\u00e9fono) con lo que deber\u00e1 ser el cliente en todo caso el que se ponga en contacto con el hotel para solicitar la perdida de alg\u00fan objeto personal.<\/span><\/h5>\n<h5><span style=\"font-size: 18pt;\">El hotel no guardar\u00e1 bajo ning\u00fan caso: ropa interior, ropa sucia, zapatillas de ir por casa o productos de aseo. El hotel guardar\u00e1 un plazo m\u00e1ximo de 30 d\u00edas el objeto.<\/span><\/h5>\n<h5><span style=\"font-size: 18pt;\">PROHIBIDO FUMAR EN EL HOTEL<\/span><\/h5>\n<h5><span style=\"font-size: 18pt;\">En todo el hotel est\u00e1 prohibido fumar.<\/span><\/h5>\n<h5><span style=\"font-size: 18pt;\">ANIMALES DE COMPA\u00d1\u00cdA<\/span><\/h5>\n<h5><span style=\"font-size: 18pt;\">Est\u00e1 prohibida la entrada de mascotas al hotel. No se aceptan animales de compa\u00f1\u00eda de ning\u00fan tipo.<\/span><\/h5>\n","protected":false},"excerpt":{"rendered":"<p>CONDICIONES GENERALES EL JISU CHECK IN El check-in se realizar\u00e1 a partir de las 15:00 horas del d\u00eda de su llegada hasta las 00:00 horas, aunque siempre puede consultarnos cualquier circunstancia especial que no le permita cumplir esta indicaci\u00f3n. El cliente deber\u00e1 presentar en recepci\u00f3n el documentaci\u00f3n de identidad o carnet de conducir de todos [&hellip;]<\/p>\n","protected":false},"author":1,"featured_media":0,"parent":0,"menu_order":5,"comment_status":"closed","ping_status":"closed","template":"","meta":{"footnotes":""},"class_list":["post-477","page","type-page","status-publish","hentry"],"yoast_head":"<!-- This site is optimized with the Yoast SEO plugin v26.8 - https:\/\/yoast.com\/product\/yoast-seo-wordpress\/ -->\n<title>Condiciones Hotel El Jisu ~ Hotel Rte. EL Jisu Web Oficial\u00ae<\/title>\n<meta name=\"robots\" content=\"index, follow, max-snippet:-1, max-image-preview:large, max-video-preview:-1\" \/>\n<link rel=\"canonical\" href=\"https:\/\/www.hoteleljisu.com\/index.php\/tarifas-2\/\" \/>\n<meta property=\"og:locale\" content=\"es_ES\" \/>\n<meta property=\"og:type\" content=\"article\" \/>\n<meta property=\"og:title\" content=\"Condiciones Hotel El Jisu ~ Hotel Rte. EL Jisu Web Oficial\u00ae\" \/>\n<meta property=\"og:description\" content=\"CONDICIONES GENERALES EL JISU CHECK IN El check-in se realizar\u00e1 a partir de las 15:00 horas del d\u00eda de su llegada hasta las 00:00 horas, aunque siempre puede consultarnos cualquier circunstancia especial que no le permita cumplir esta indicaci\u00f3n. El cliente deber\u00e1 presentar en recepci\u00f3n el documentaci\u00f3n de identidad o carnet de conducir de todos [&hellip;]\" \/>\n<meta property=\"og:url\" content=\"https:\/\/www.hoteleljisu.com\/index.php\/tarifas-2\/\" \/>\n<meta property=\"og:site_name\" content=\"Hotel Rte. EL Jisu Web Oficial\u00ae\" \/>\n<meta property=\"article:publisher\" content=\"https:\/\/www.facebook.com\/hreljisu\/\" \/>\n<meta property=\"article:modified_time\" content=\"2026-04-27T10:31:53+00:00\" \/>\n<meta name=\"twitter:card\" content=\"summary_large_image\" \/>\n<meta name=\"twitter:label1\" content=\"Tiempo de lectura\" \/>\n\t<meta name=\"twitter:data1\" content=\"6 minutos\" \/>\n<script type=\"application\/ld+json\" class=\"yoast-schema-graph\">{\"@context\":\"https:\/\/schema.org\",\"@graph\":[{\"@type\":\"WebPage\",\"@id\":\"https:\/\/www.hoteleljisu.com\/index.php\/tarifas-2\/\",\"url\":\"https:\/\/www.hoteleljisu.com\/index.php\/tarifas-2\/\",\"name\":\"Condiciones Hotel El Jisu ~ Hotel Rte. EL Jisu Web Oficial\u00ae\",\"isPartOf\":{\"@id\":\"https:\/\/www.hoteleljisu.com\/#website\"},\"datePublished\":\"2017-05-31T20:44:29+00:00\",\"dateModified\":\"2026-04-27T10:31:53+00:00\",\"breadcrumb\":{\"@id\":\"https:\/\/www.hoteleljisu.com\/index.php\/tarifas-2\/#breadcrumb\"},\"inLanguage\":\"es\",\"potentialAction\":[{\"@type\":\"ReadAction\",\"target\":[\"https:\/\/www.hoteleljisu.com\/index.php\/tarifas-2\/\"]}]},{\"@type\":\"BreadcrumbList\",\"@id\":\"https:\/\/www.hoteleljisu.com\/index.php\/tarifas-2\/#breadcrumb\",\"itemListElement\":[{\"@type\":\"ListItem\",\"position\":1,\"name\":\"Portada\",\"item\":\"https:\/\/www.hoteleljisu.com\/\"},{\"@type\":\"ListItem\",\"position\":2,\"name\":\"Condiciones Hotel El Jisu\"}]},{\"@type\":\"WebSite\",\"@id\":\"https:\/\/www.hoteleljisu.com\/#website\",\"url\":\"https:\/\/www.hoteleljisu.com\/\",\"name\":\"Hotel Rte. EL Jisu Web Oficial\u00ae\",\"description\":\"Liebana  - Picos de Europa\",\"publisher\":{\"@id\":\"https:\/\/www.hoteleljisu.com\/#organization\"},\"potentialAction\":[{\"@type\":\"SearchAction\",\"target\":{\"@type\":\"EntryPoint\",\"urlTemplate\":\"https:\/\/www.hoteleljisu.com\/?s={search_term_string}\"},\"query-input\":{\"@type\":\"PropertyValueSpecification\",\"valueRequired\":true,\"valueName\":\"search_term_string\"}}],\"inLanguage\":\"es\"},{\"@type\":\"Organization\",\"@id\":\"https:\/\/www.hoteleljisu.com\/#organization\",\"name\":\"Hotel Rte. El Jisu\",\"url\":\"https:\/\/www.hoteleljisu.com\/\",\"logo\":{\"@type\":\"ImageObject\",\"inLanguage\":\"es\",\"@id\":\"https:\/\/www.hoteleljisu.com\/#\/schema\/logo\/image\/\",\"url\":\"\",\"contentUrl\":\"\",\"caption\":\"Hotel Rte. El Jisu\"},\"image\":{\"@id\":\"https:\/\/www.hoteleljisu.com\/#\/schema\/logo\/image\/\"},\"sameAs\":[\"https:\/\/www.facebook.com\/hreljisu\/\",\"https:\/\/www.instagram.com\/hreljisu\/\"]}]}<\/script>\n<!-- \/ Yoast SEO plugin. -->","yoast_head_json":{"title":"Condiciones Hotel El Jisu ~ Hotel Rte. EL Jisu Web Oficial\u00ae","robots":{"index":"index","follow":"follow","max-snippet":"max-snippet:-1","max-image-preview":"max-image-preview:large","max-video-preview":"max-video-preview:-1"},"canonical":"https:\/\/www.hoteleljisu.com\/index.php\/tarifas-2\/","og_locale":"es_ES","og_type":"article","og_title":"Condiciones Hotel El Jisu ~ Hotel Rte. EL Jisu Web Oficial\u00ae","og_description":"CONDICIONES GENERALES EL JISU CHECK IN El check-in se realizar\u00e1 a partir de las 15:00 horas del d\u00eda de su llegada hasta las 00:00 horas, aunque siempre puede consultarnos cualquier circunstancia especial que no le permita cumplir esta indicaci\u00f3n. El cliente deber\u00e1 presentar en recepci\u00f3n el documentaci\u00f3n de identidad o carnet de conducir de todos [&hellip;]","og_url":"https:\/\/www.hoteleljisu.com\/index.php\/tarifas-2\/","og_site_name":"Hotel Rte. EL Jisu Web Oficial\u00ae","article_publisher":"https:\/\/www.facebook.com\/hreljisu\/","article_modified_time":"2026-04-27T10:31:53+00:00","twitter_card":"summary_large_image","twitter_misc":{"Tiempo de lectura":"6 minutos"},"schema":{"@context":"https:\/\/schema.org","@graph":[{"@type":"WebPage","@id":"https:\/\/www.hoteleljisu.com\/index.php\/tarifas-2\/","url":"https:\/\/www.hoteleljisu.com\/index.php\/tarifas-2\/","name":"Condiciones Hotel El Jisu ~ Hotel Rte. EL Jisu Web Oficial\u00ae","isPartOf":{"@id":"https:\/\/www.hoteleljisu.com\/#website"},"datePublished":"2017-05-31T20:44:29+00:00","dateModified":"2026-04-27T10:31:53+00:00","breadcrumb":{"@id":"https:\/\/www.hoteleljisu.com\/index.php\/tarifas-2\/#breadcrumb"},"inLanguage":"es","potentialAction":[{"@type":"ReadAction","target":["https:\/\/www.hoteleljisu.com\/index.php\/tarifas-2\/"]}]},{"@type":"BreadcrumbList","@id":"https:\/\/www.hoteleljisu.com\/index.php\/tarifas-2\/#breadcrumb","itemListElement":[{"@type":"ListItem","position":1,"name":"Portada","item":"https:\/\/www.hoteleljisu.com\/"},{"@type":"ListItem","position":2,"name":"Condiciones Hotel El Jisu"}]},{"@type":"WebSite","@id":"https:\/\/www.hoteleljisu.com\/#website","url":"https:\/\/www.hoteleljisu.com\/","name":"Hotel Rte. EL Jisu Web Oficial\u00ae","description":"Liebana  - Picos de Europa","publisher":{"@id":"https:\/\/www.hoteleljisu.com\/#organization"},"potentialAction":[{"@type":"SearchAction","target":{"@type":"EntryPoint","urlTemplate":"https:\/\/www.hoteleljisu.com\/?s={search_term_string}"},"query-input":{"@type":"PropertyValueSpecification","valueRequired":true,"valueName":"search_term_string"}}],"inLanguage":"es"},{"@type":"Organization","@id":"https:\/\/www.hoteleljisu.com\/#organization","name":"Hotel Rte. El Jisu","url":"https:\/\/www.hoteleljisu.com\/","logo":{"@type":"ImageObject","inLanguage":"es","@id":"https:\/\/www.hoteleljisu.com\/#\/schema\/logo\/image\/","url":"","contentUrl":"","caption":"Hotel Rte. El Jisu"},"image":{"@id":"https:\/\/www.hoteleljisu.com\/#\/schema\/logo\/image\/"},"sameAs":["https:\/\/www.facebook.com\/hreljisu\/","https:\/\/www.instagram.com\/hreljisu\/"]}]}},"_links":{"self":[{"href":"https:\/\/www.hoteleljisu.com\/index.php\/wp-json\/wp\/v2\/pages\/477","targetHints":{"allow":["GET"]}}],"collection":[{"href":"https:\/\/www.hoteleljisu.com\/index.php\/wp-json\/wp\/v2\/pages"}],"about":[{"href":"https:\/\/www.hoteleljisu.com\/index.php\/wp-json\/wp\/v2\/types\/page"}],"author":[{"embeddable":true,"href":"https:\/\/www.hoteleljisu.com\/index.php\/wp-json\/wp\/v2\/users\/1"}],"replies":[{"embeddable":true,"href":"https:\/\/www.hoteleljisu.com\/index.php\/wp-json\/wp\/v2\/comments?post=477"}],"version-history":[{"count":20,"href":"https:\/\/www.hoteleljisu.com\/index.php\/wp-json\/wp\/v2\/pages\/477\/revisions"}],"predecessor-version":[{"id":2303,"href":"https:\/\/www.hoteleljisu.com\/index.php\/wp-json\/wp\/v2\/pages\/477\/revisions\/2303"}],"wp:attachment":[{"href":"https:\/\/www.hoteleljisu.com\/index.php\/wp-json\/wp\/v2\/media?parent=477"}],"curies":[{"name":"wp","href":"https:\/\/api.w.org\/{rel}","templated":true}]}}